{"id":5816,"date":"2024-01-21T00:08:40","date_gmt":"2024-01-21T03:08:40","guid":{"rendered":"https:\/\/dataocean.com.br\/?page_id=5816"},"modified":"2024-01-22T18:52:51","modified_gmt":"2024-01-22T21:52:51","slug":"dataocean-gestao-de-transportadores-3","status":"publish","type":"page","link":"https:\/\/dataocean.com.br\/index.php\/dataocean-gestao-de-transportadores-3\/","title":{"rendered":"DataOcean &#8211; Como funciona"},"content":{"rendered":"\t\t<div data-elementor-type=\"wp-page\" data-elementor-id=\"5816\" class=\"elementor elementor-5816\">\n\t\t\t\t\t\t<section class=\"elementor-section elementor-top-section elementor-element elementor-element-5a49deb elementor-section-full_width elementor-section-height-default elementor-section-height-default\" data-id=\"5a49deb\" data-element_type=\"section\">\n\t\t\t\t\t\t<div class=\"elementor-container elementor-column-gap-no\">\n\t\t\t\t\t<div class=\"elementor-column elementor-col-100 elementor-top-column elementor-element elementor-element-503aca4\" data-id=\"503aca4\" data-element_type=\"column\">\n\t\t\t<div class=\"elementor-widget-wrap elementor-element-populated\">\n\t\t\t\t\t\t<div class=\"elementor-element elementor-element-9e052ff elementor-widget elementor-widget-appkubanner\" data-id=\"9e052ff\" data-element_type=\"widget\" data-widget_type=\"appkubanner.default\">\n\t\t\t\t<div class=\"elementor-widget-container\">\n\t\t\t<div class=\"banner-area text-light bg-gradient banner-style-five text-default\"><div class=\"animated-wave\"><svg class=\"waves\" xmlns=\"http:\/\/www.w3.org\/2000\/svg\" xmlns:xlink=\"http:\/\/www.w3.org\/1999\/xlink\" viewBox=\"0 24 150 28\" preserveAspectRatio=\"none\" shape-rendering=\"auto\">\r\n\t\t                <defs>\r\n\t\t                    <path id=\"gentle-wave\" d=\"M-160 44c30 0 58-18 88-18s 58 18 88 18 58-18 88-18 58 18 88 18 v44h-352z\" \/>\r\n\t\t                <\/defs>\r\n\t\t                <g class=\"parallax\">\r\n\t\t                    <use xlink:href=\"#gentle-wave\" x=\"48\" y=\"0\" fill=\"rgba(255,255,255,0.7\" \/>\r\n\t\t                    <use xlink:href=\"#gentle-wave\" x=\"48\" y=\"3\" fill=\"rgba(255,255,255,0.5)\" \/>\r\n\t\t                    <use xlink:href=\"#gentle-wave\" x=\"48\" y=\"5\" fill=\"rgba(255,255,255,0.3)\" \/>\r\n\t\t                    <use xlink:href=\"#gentle-wave\" x=\"48\" y=\"7\" fill=\"#fff\" \/>\r\n\t\t                <\/g>\r\n\t\t            <\/svg><\/div><div class=\"container\"><div class=\"double-items\"><div class=\"row align-center\"><div class=\"col-lg-6 info\"><h2 class=\"wow fadeInLeft\" data-wow-defaul=\"300ms\">Poucos cliques, muito resultado<\/h2><p class=\"wow fadeInLeft\" data-wow-delay=\"500ms\">Utilizando como fonte prim\u00e1ria de informa\u00e7\u00f5es seus documentos fiscais eletr\u00f4nicos, n\u00f3s entregamos uma esteira de dados que permite diversas an\u00e1lises, comportamento e predi\u00e7\u00f5es da cadeia de valor\n<\/p><div class=\"button\">\r\n\t\t\t                            <a href=\"#\" class=\"popup-youtube video-btn\"><i class=\"fas fa-play\"><\/i><\/a><\/div><\/div><\/div><\/div><\/div><\/div>\t\t<\/div>\n\t\t\t\t<\/div>\n\t\t<div class=\"elementor-element elementor-element-c7a3510 e-con-full e-flex e-con e-parent\" data-id=\"c7a3510\" data-element_type=\"container\" data-settings=\"{&quot;content_width&quot;:&quot;full&quot;}\" data-core-v316-plus=\"true\">\n\t\t\t\t<div class=\"elementor-element elementor-element-1c3db95 elementor-widget elementor-widget-image\" data-id=\"1c3db95\" data-element_type=\"widget\" data-widget_type=\"image.default\">\n\t\t\t\t<div class=\"elementor-widget-container\">\n\t\t\t<style>\/*! elementor - v3.19.0 - 07-02-2024 *\/\n.elementor-widget-image{text-align:center}.elementor-widget-image a{display:inline-block}.elementor-widget-image a img[src$=\".svg\"]{width:48px}.elementor-widget-image img{vertical-align:middle;display:inline-block}<\/style>\t\t\t\t\t\t\t\t\t\t<img fetchpriority=\"high\" decoding=\"async\" width=\"800\" height=\"450\" src=\"https:\/\/dataocean.com.br\/wp-content\/uploads\/2024\/01\/DO_animado_transparente2.gif\" class=\"attachment-appku_800X600 size-appku_800X600 wp-image-5828\" alt=\"\" \/>\t\t\t\t\t\t\t\t\t\t\t\t\t<\/div>\n\t\t\t\t<\/div>\n\t\t\t\t<\/div>\n\t\t\t\t\t<\/div>\n\t\t<\/div>\n\t\t\t\t\t<\/div>\n\t\t<\/section>\n\t\t\t\t<section class=\"elementor-section elementor-top-section elementor-element elementor-element-bffde5a elementor-section-full_width elementor-section-height-default elementor-section-height-default\" data-id=\"bffde5a\" data-element_type=\"section\" data-settings=\"{&quot;background_background&quot;:&quot;classic&quot;}\">\n\t\t\t\t\t\t<div class=\"elementor-container elementor-column-gap-no\">\n\t\t\t\t\t<div class=\"elementor-column elementor-col-100 elementor-top-column elementor-element elementor-element-8335e19\" data-id=\"8335e19\" data-element_type=\"column\">\n\t\t\t<div class=\"elementor-widget-wrap elementor-element-populated\">\n\t\t\t\t\t\t<section class=\"elementor-section elementor-inner-section elementor-element elementor-element-f334261 elementor-section-content-middle elementor-section-boxed elementor-section-height-default elementor-section-height-default\" data-id=\"f334261\" data-element_type=\"section\">\n\t\t\t\t\t\t<div class=\"elementor-container elementor-column-gap-no\">\n\t\t\t\t\t<div class=\"elementor-column elementor-col-50 elementor-inner-column elementor-element elementor-element-9a2f72d animated-slow elementor-invisible\" data-id=\"9a2f72d\" data-element_type=\"column\" data-settings=\"{&quot;animation&quot;:&quot;fadeInLeft&quot;}\">\n\t\t\t<div class=\"elementor-widget-wrap elementor-element-populated\">\n\t\t\t\t\t\t<div class=\"elementor-element elementor-element-a904e11 elementor-widget elementor-widget-image\" data-id=\"a904e11\" data-element_type=\"widget\" data-widget_type=\"image.default\">\n\t\t\t\t<div class=\"elementor-widget-container\">\n\t\t\t\t\t\t\t\t\t\t\t\t\t<img decoding=\"async\" width=\"145\" height=\"145\" src=\"https:\/\/dataocean.com.br\/wp-content\/uploads\/2024\/01\/Imagem_Insight_DataOcean.jpg\" class=\"attachment-full size-full wp-image-5741\" alt=\"\" srcset=\"https:\/\/dataocean.com.br\/wp-content\/uploads\/2024\/01\/Imagem_Insight_DataOcean.jpg 145w, https:\/\/dataocean.com.br\/wp-content\/uploads\/2024\/01\/Imagem_Insight_DataOcean-80x80.jpg 80w, https:\/\/dataocean.com.br\/wp-content\/uploads\/2024\/01\/Imagem_Insight_DataOcean-100x100.jpg 100w\" sizes=\"(max-width: 145px) 100vw, 145px\" \/>\t\t\t\t\t\t\t\t\t\t\t\t\t<\/div>\n\t\t\t\t<\/div>\n\t\t\t\t\t<\/div>\n\t\t<\/div>\n\t\t\t\t<div class=\"elementor-column elementor-col-50 elementor-inner-column elementor-element elementor-element-c9bc415 animated-slow elementor-invisible\" data-id=\"c9bc415\" data-element_type=\"column\" data-settings=\"{&quot;animation&quot;:&quot;fadeInRight&quot;}\">\n\t\t\t<div class=\"elementor-widget-wrap elementor-element-populated\">\n\t\t\t\t\t\t<div class=\"elementor-element elementor-element-bd25c09 elementor-widget__width-initial elementor-widget elementor-widget-appkusectiontitle\" data-id=\"bd25c09\" data-element_type=\"widget\" data-widget_type=\"appkusectiontitle.default\">\n\t\t\t\t<div class=\"elementor-widget-container\">\n\t\t\t<!-- Section Title --><div class=\"site-heading\" ><h2 class=\"subtitle-selector\">Documentos obrigat\u00f3rios como fonte de informa\u00e7\u00e3o<\/h2><\/div><!-- End Section Title -->\t\t<\/div>\n\t\t\t\t<\/div>\n\t\t\t\t<div class=\"elementor-element elementor-element-c93b247 elementor-widget__width-initial elementor-widget elementor-widget-text-editor\" data-id=\"c93b247\" data-element_type=\"widget\" data-widget_type=\"text-editor.default\">\n\t\t\t\t<div class=\"elementor-widget-container\">\n\t\t\t<style>\/*! elementor - v3.19.0 - 07-02-2024 *\/\n.elementor-widget-text-editor.elementor-drop-cap-view-stacked .elementor-drop-cap{background-color:#69727d;color:#fff}.elementor-widget-text-editor.elementor-drop-cap-view-framed .elementor-drop-cap{color:#69727d;border:3px solid;background-color:transparent}.elementor-widget-text-editor:not(.elementor-drop-cap-view-default) .elementor-drop-cap{margin-top:8px}.elementor-widget-text-editor:not(.elementor-drop-cap-view-default) .elementor-drop-cap-letter{width:1em;height:1em}.elementor-widget-text-editor .elementor-drop-cap{float:left;text-align:center;line-height:1;font-size:50px}.elementor-widget-text-editor .elementor-drop-cap-letter{display:inline-block}<\/style>\t\t\t\t<p>Os documentos eletr\u00f4nicos do transporte (CTe, MDFe, NFe e CIOT) trazem uma riqueza de dados impar para gest\u00e3o, n\u00e3o limitados as opera\u00e7\u00f5es de transporte, mas tamb\u00e9m sobre comportamento, vendas, compras (inbound), clientes, rotas e frotas.<\/p><p>Quando auditamos, validamos, conferimos, cruzamos, enriquecemos, aprendemos, contextualizamos e projetamos estes dados, somos capazes de gerar uma enorme quantidade de informa\u00e7\u00f5es que se tornam intelig\u00eancia artificial<\/p>\t\t\t\t\t\t<\/div>\n\t\t\t\t<\/div>\n\t\t\t\t\t<\/div>\n\t\t<\/div>\n\t\t\t\t\t<\/div>\n\t\t<\/section>\n\t\t\t\t\t<\/div>\n\t\t<\/div>\n\t\t\t\t\t<\/div>\n\t\t<\/section>\n\t\t\t\t<section class=\"elementor-section elementor-top-section elementor-element elementor-element-0de8be5 elementor-section-full_width elementor-section-height-default elementor-section-height-default\" data-id=\"0de8be5\" data-element_type=\"section\" data-settings=\"{&quot;background_background&quot;:&quot;classic&quot;}\">\n\t\t\t\t\t\t\t<div class=\"elementor-background-overlay\"><\/div>\n\t\t\t\t\t\t\t<div class=\"elementor-container elementor-column-gap-no\">\n\t\t\t\t\t<div class=\"elementor-column elementor-col-100 elementor-top-column elementor-element elementor-element-8dc2aae\" data-id=\"8dc2aae\" data-element_type=\"column\">\n\t\t\t<div class=\"elementor-widget-wrap elementor-element-populated\">\n\t\t\t\t\t\t<div class=\"elementor-element elementor-element-b3b127e elementor-widget elementor-widget-appkupricing\" data-id=\"b3b127e\" data-element_type=\"widget\" data-widget_type=\"appkupricing.default\">\n\t\t\t\t<div class=\"elementor-widget-container\">\n\t\t\t<!------------------------------- Pricing Area start -------------------------------><div class=\"pricing-area\"><div class=\"container\"><div class=\"row\"><div class=\"col-lg-8 offset-lg-2\"><div class=\"site-heading text-light text-center\"><h2>Our Packages<\/h2><div class=\"devider\"><\/div><p>Outlived no dwelling denoting in peculiar as he believed. Behaviour excellent middleton be as it curiosity departure ourselves very extreme future. <\/p><\/div><\/div><\/div><\/div><div class=\"container\"><div class=\"pricing-style-two-box\"><div class=\"row\"><!-- Single Item --><div class=\"single-item pricing-style-two col-lg-4 col-md-6\"><div class=\"pricing-item\"><i class=\"fas fa-rocket\"><\/i><div class=\"pricing-header\"><h4>Free trial<\/h4><\/div><div class=\"price\"> <h2><sup>$<\/sup>0 <sub>\/ Monthly<\/sub><\/h2><\/div><ul><li><i class=\"fas fa-check\"><\/i> Demo file<\/li><li><i class=\"fas fa-check\"><\/i> 10 GB Dedicated Hosting free<\/li><li><i class=\"fas fa-times\"><\/i> Live Support<\/li><\/ul><a  href=\"https:\/\/wordpress.validthemes.net\/appku\/contact-us\/\" class=\"btn circle btn-gray btn-sm\">Purchase Plan<\/a><\/div><\/div><!-- Single Item --><div class=\"single-item pricing-style-two col-lg-4 col-md-6 active\"><div class=\"pricing-item\"><i class=\"fas fa-gem\"><\/i><div class=\"pricing-header\"><h4>Regular<\/h4><\/div><div class=\"price\"> <h2><sup>$<\/sup>29 <sub>\/ Monthly<\/sub><\/h2><\/div><ul><li><i class=\"fas fa-check\"><\/i> Demo file<\/li><li><i class=\"fas fa-check\"><\/i> 10 GB Dedicated Hosting free<\/li><li><i class=\"fas fa-check\"><\/i> Lifetime free Support<\/li><li><i class=\"fas fa-times\"><\/i> Live Support<\/li><\/ul><a  href=\"https:\/\/wordpress.validthemes.net\/appku\/contact-us\/\" class=\"btn circle btn-theme effect btn-md\">Purchase Plan<\/a><\/div><\/div><!-- Single Item --><div class=\"single-item pricing-style-two col-lg-4 col-md-6\"><div class=\"pricing-item\"><i class=\"fa fa-chart-pie\"><\/i><div class=\"pricing-header\"><h4>Extended<\/h4><\/div><div class=\"price\"> <h2><sup>$<\/sup>38 <sub>\/ Monthly<\/sub><\/h2><\/div><ul>\n                                <li><i class=\"fas fa-check\"><\/i> Demo file<\/li>\n                                <li><i class=\"fas fa-check\"><\/i> 10 GB Dedicated Hosting free<\/li>\n                                <li><i class=\"fas fa-check\"><\/i> Lifetime free Support<\/li>\n                                <li><i class=\"fas fa-check\"><\/i> SEO Optimized<\/li>\n                                <li><i class=\"fas fa-check\"><\/i> Live Support<\/li>\n                            <\/ul><a  href=\"https:\/\/wordpress.validthemes.net\/appku\/contact-us\/\" class=\"btn circle btn-gray btn-sm\">Purchase Plan<\/a><\/div><\/div><\/div><\/div><\/div><\/div><!--------------------------------- Pricing Area end --------------------------------->\t\t<\/div>\n\t\t\t\t<\/div>\n\t\t\t\t\t<\/div>\n\t\t<\/div>\n\t\t\t\t\t<\/div>\n\t\t<\/section>\n\t\t\t\t<\/div>\n\t\t","protected":false},"excerpt":{"rendered":"<p>Poucos cliques, muito resultado Utilizando como fonte prim\u00e1ria de informa\u00e7\u00f5es seus documentos fiscais eletr\u00f4nicos, n\u00f3s entregamos uma esteira de dados que permite diversas an\u00e1lises, comportamento e predi\u00e7\u00f5es da cadeia de valor Documentos obrigat\u00f3rios como fonte de informa\u00e7\u00e3o Os documentos eletr\u00f4nicos do transporte (CTe, MDFe, NFe e CIOT) trazem uma riqueza de dados impar para gest\u00e3o,&#8230;<\/p>\n","protected":false},"author":1,"featured_media":0,"parent":0,"menu_order":0,"comment_status":"closed","ping_status":"closed","template":"template-builder.php","meta":{"footnotes":""},"aioseo_notices":[],"_links":{"self":[{"href":"https:\/\/dataocean.com.br\/index.php\/wp-json\/wp\/v2\/pages\/5816"}],"collection":[{"href":"https:\/\/dataocean.com.br\/index.php\/wp-json\/wp\/v2\/pages"}],"about":[{"href":"https:\/\/dataocean.com.br\/index.php\/wp-json\/wp\/v2\/types\/page"}],"author":[{"embeddable":true,"href":"https:\/\/dataocean.com.br\/index.php\/wp-json\/wp\/v2\/users\/1"}],"replies":[{"embeddable":true,"href":"https:\/\/dataocean.com.br\/index.php\/wp-json\/wp\/v2\/comments?post=5816"}],"version-history":[{"count":17,"href":"https:\/\/dataocean.com.br\/index.php\/wp-json\/wp\/v2\/pages\/5816\/revisions"}],"predecessor-version":[{"id":5894,"href":"https:\/\/dataocean.com.br\/index.php\/wp-json\/wp\/v2\/pages\/5816\/revisions\/5894"}],"wp:attachment":[{"href":"https:\/\/dataocean.com.br\/index.php\/wp-json\/wp\/v2\/media?parent=5816"}],"curies":[{"name":"wp","href":"https:\/\/api.w.org\/{rel}","templated":true}]}}